{"id":644,"date":"2022-06-18T13:48:49","date_gmt":"2022-06-18T13:48:49","guid":{"rendered":"https:\/\/www.bathmatecontrol.com\/?page_id=644"},"modified":"2022-06-18T13:48:52","modified_gmt":"2022-06-18T13:48:52","slug":"comprar-bathmate-en-espana","status":"publish","type":"page","link":"https:\/\/bathmatecontrol.com\/index.php\/comprar-bathmate-en-espana\/","title":{"rendered":"Comprar Bathmate en Espa\u00f1a"},"content":{"rendered":"\n<p>\u00bfQuieres Comprar Bathmate en Espa\u00f1a? Pues enhorabuena, has llegado al lugar correcto. En esta p\u00e1gina podr\u00e1s comprar tu Bathmate al mejor precio con env\u00edo 100% gratuito. No son muchas las opciones de comprar un Bathmate (alargador de pene 100% funcional) en Espa\u00f1a totalmente original, barato y con env\u00edo gratuito, sin embargo, en <a href=\"https:\/\/bathmatecontrol.com\/\" target=\"_blank\" rel=\"noreferrer noopener\">BathmateControl.com<\/a> podr\u00e1s encontrar todos los modelos Bathmate del mercado y podr\u00e1s comprarlo en menos de dos minutos, de manera sencilla, segura, y en un per\u00edodo breve de tiempo lo recibir\u00e1s en tu casa.<\/p>\n\n\n\n<h2 class=\"wp-block-heading\">\u00bfEs Seguro Comprar Bathmate en Espa\u00f1a?<\/h2>\n\n\n\n<p>Claro que es seguro Comprar un Bathmate en Espa\u00f1a. Al menos en nuestra p\u00e1gina web. Son muchos los influencers que ya nos recomiendan, y son cientas las reviews positivas con las que contamos en nuestra p\u00e1gina web. Somos la web referencia de compra de Bathmate en Espa\u00f1a. Es por ello, y por mucho m\u00e1s, que deber\u00edas comprar tu Bathmate con nosotros en <a href=\"https:\/\/bathmatecontrol.com\/\" target=\"_blank\" rel=\"noreferrer noopener\">BathmateControl.com<\/a><\/p>\n\n\n<div class=\"wp-block-image\">\n<figure class=\"aligncenter size-full\"><a href=\"https:\/\/bathmatecontrol.com\/\"><img loading=\"lazy\" decoding=\"async\" width=\"341\" height=\"360\" src=\"https:\/\/bathmatecontrol.com\/wp-content\/uploads\/2022\/06\/Comprar-Bathmate.png\" alt=\"Comprar Bathmate en Espa\u00f1a\" class=\"wp-image-645\" srcset=\"https:\/\/bathmatecontrol.com\/wp-content\/uploads\/2022\/06\/Comprar-Bathmate.png 341w, https:\/\/bathmatecontrol.com\/wp-content\/uploads\/2022\/06\/Comprar-Bathmate-284x300.png 284w, https:\/\/bathmatecontrol.com\/wp-content\/uploads\/2022\/06\/Comprar-Bathmate-85x90.png 85w\" sizes=\"auto, (max-width: 341px) 100vw, 341px\" \/><\/a><\/figure>\n<\/div>\n\n\n<h2 class=\"wp-block-heading\">\u00bfQu\u00e9 hace el Bathmate?<\/h2>\n\n\n\n<p>El Bathmate es un producto o hidrobomba que sirve para hacer crecer el pene, tambi\u00e9n mejora la calidad de la testosterona y de las erecciones. Son muchas las ventajas de utilizar el Bathmate y las razones por las que deber\u00edas usarlo. Adem\u00e1s, no tiene inconvenientes, a no ser que le des un mal uso (por ejemplo, que lo utilices m\u00e1s que lo recomendado) pero de no ser as\u00ed, puedes estar totalmente tranquilo, pues como te he dicho, incluso los efectos secundarios que puede llegar a tener son positivos. Recuerda que puedes comprarlo <a href=\"https:\/\/bathmatecontrol.com\/\" target=\"_blank\" rel=\"noreferrer noopener\">haciendo click aqu\u00ed.<\/a><\/p>\n\n\n\n<h2 class=\"wp-block-heading\">\u00bfCu\u00e1nto cuesta el Bathmate?<\/h2>\n\n\n\n<p>El precio del Bathmate depende del modelo. Existen modelos diferentes hablando sobre el Bathmate, desde modelos de pene peque\u00f1o, pene mediano e incluso pene grande. Adem\u00e1s, dentro de las mismas tallas, hay diferentes modelos, unos te dar\u00e1n mejores resultados, o simplemente m\u00e1s r\u00e1pidos que otro modelo que puede ser de un precio inferior.<\/p>\n\n\n\n<figure class=\"wp-block-embed is-type-video is-provider-youtube wp-block-embed-youtube wp-embed-aspect-16-9 wp-has-aspect-ratio\"><div class=\"wp-block-embed__wrapper\">\n<iframe loading=\"lazy\" title=\"\u00bfQue BATHMATE Debo Comprar? Respondiendo &quot;HERCULES X20 X30 X40 O XTREME&quot; ??\" width=\"640\" height=\"360\" src=\"https:\/\/www.youtube.com\/embed\/W9MXVuZ_2J4?feature=oembed\" frameborder=\"0\" allow=\"accelerometer; autoplay; clipboard-write; encrypted-media; gyroscope; picture-in-picture; web-share\" referrerpolicy=\"strict-origin-when-cross-origin\" allowfullscreen><\/iframe>\n<\/div><\/figure>\n\n\n\n<h2 class=\"wp-block-heading\">\u00bfC\u00f3mo comprar un Bathmate?<\/h2>\n\n\n\n<p>El proceso es muy sencillo, puedes hacerlo desde nuestra p\u00e1gina web <a href=\"https:\/\/bathmatecontrol.com\/\" target=\"_blank\" rel=\"noreferrer noopener\">https:\/\/bathmatecontrol.com\/<\/a>, simplemente deber\u00e1s elegir el modelo que deseas en funci\u00f3n a tu talla y los resultados que deseas obtener, y una vez realizado el modelo deseado llegar\u00e1 a tu casa en los pr\u00f3ximos d\u00edas o semanas, dependiendo de tu situaci\u00f3n geogr\u00e1fica.<\/p>\n","protected":false},"excerpt":{"rendered":"<p>\u00bfQuieres Comprar Bathmate en Espa\u00f1a? Pues enhorabuena, has llegado al lugar correcto. En esta p\u00e1gina podr\u00e1s comprar tu Bathmate al mejor precio con env\u00edo 100% gratuito. No son muchas las opciones de comprar un Bathmate (alargador de pene 100% funcional) en Espa\u00f1a totalmente original, barato y con env\u00edo gratuito, sin embargo, en BathmateControl.com podr\u00e1s encontrar <a href=\"https:\/\/bathmatecontrol.com\/index.php\/comprar-bathmate-en-espana\/\" rel=\"nofollow\"><span class=\"sr-only\">Leer m\u00e1sComprar Bathmate en Espa\u00f1a<\/span>[&hellip;]<\/a><\/p>\n","protected":false},"author":1,"featured_media":0,"parent":0,"menu_order":0,"comment_status":"closed","ping_status":"closed","template":"","meta":{"footnotes":""},"class_list":["post-644","page","type-page","status-publish","hentry"],"yoast_head":"<!-- This site is optimized with the Yoast SEO plugin v27.4 - https:\/\/yoast.com\/product\/yoast-seo-wordpress\/ -->\n<title>Comprar Bathmate en Espa\u00f1a - Bathmate Control \u00a9<\/title>\n<meta name=\"description\" content=\"\u00bfQuieres Comprar Bathmate en Espa\u00f1a? Pues enhorabuena, has llegado al lugar correcto. En esta p\u00e1gina podr\u00e1s comprar tu Bathmate\" \/>\n<meta name=\"robots\" content=\"index, follow, max-snippet:-1, max-image-preview:large, max-video-preview:-1\" \/>\n<link rel=\"canonical\" href=\"https:\/\/bathmatecontrol.com\/index.php\/comprar-bathmate-en-espana\/\" \/>\n<meta property=\"og:locale\" content=\"es_ES\" \/>\n<meta property=\"og:type\" content=\"article\" \/>\n<meta property=\"og:title\" content=\"Comprar Bathmate en Espa\u00f1a - Bathmate Control \u00a9\" \/>\n<meta property=\"og:description\" content=\"\u00bfQuieres Comprar Bathmate en Espa\u00f1a? Pues enhorabuena, has llegado al lugar correcto. En esta p\u00e1gina podr\u00e1s comprar tu Bathmate\" \/>\n<meta property=\"og:url\" content=\"https:\/\/bathmatecontrol.com\/index.php\/comprar-bathmate-en-espana\/\" \/>\n<meta property=\"og:site_name\" content=\"Bathmate Control \u00a9\" \/>\n<meta property=\"article:modified_time\" content=\"2022-06-18T13:48:52+00:00\" \/>\n<meta property=\"og:image\" content=\"https:\/\/bathmatecontrol.com\/wp-content\/uploads\/2022\/06\/Comprar-Bathmate.png\" \/>\n<meta name=\"twitter:card\" content=\"summary_large_image\" \/>\n<meta name=\"twitter:label1\" content=\"Tiempo de lectura\" \/>\n\t<meta name=\"twitter:data1\" content=\"2 minutos\" \/>\n<script type=\"application\/ld+json\" class=\"yoast-schema-graph\">{\"@context\":\"https:\\\/\\\/schema.org\",\"@graph\":[{\"@type\":\"WebPage\",\"@id\":\"https:\\\/\\\/bathmatecontrol.com\\\/index.php\\\/comprar-bathmate-en-espana\\\/\",\"url\":\"https:\\\/\\\/bathmatecontrol.com\\\/index.php\\\/comprar-bathmate-en-espana\\\/\",\"name\":\"Comprar Bathmate en Espa\u00f1a - Bathmate Control \u00a9\",\"isPartOf\":{\"@id\":\"https:\\\/\\\/bathmatecontrol.com\\\/#website\"},\"primaryImageOfPage\":{\"@id\":\"https:\\\/\\\/bathmatecontrol.com\\\/index.php\\\/comprar-bathmate-en-espana\\\/#primaryimage\"},\"image\":{\"@id\":\"https:\\\/\\\/bathmatecontrol.com\\\/index.php\\\/comprar-bathmate-en-espana\\\/#primaryimage\"},\"thumbnailUrl\":\"https:\\\/\\\/bathmatecontrol.com\\\/wp-content\\\/uploads\\\/2022\\\/06\\\/Comprar-Bathmate.png\",\"datePublished\":\"2022-06-18T13:48:49+00:00\",\"dateModified\":\"2022-06-18T13:48:52+00:00\",\"description\":\"\u00bfQuieres Comprar Bathmate en Espa\u00f1a? Pues enhorabuena, has llegado al lugar correcto. En esta p\u00e1gina podr\u00e1s comprar tu Bathmate\",\"breadcrumb\":{\"@id\":\"https:\\\/\\\/bathmatecontrol.com\\\/index.php\\\/comprar-bathmate-en-espana\\\/#breadcrumb\"},\"inLanguage\":\"es\",\"potentialAction\":[{\"@type\":\"ReadAction\",\"target\":[\"https:\\\/\\\/bathmatecontrol.com\\\/index.php\\\/comprar-bathmate-en-espana\\\/\"]}]},{\"@type\":\"ImageObject\",\"inLanguage\":\"es\",\"@id\":\"https:\\\/\\\/bathmatecontrol.com\\\/index.php\\\/comprar-bathmate-en-espana\\\/#primaryimage\",\"url\":\"https:\\\/\\\/bathmatecontrol.com\\\/wp-content\\\/uploads\\\/2022\\\/06\\\/Comprar-Bathmate.png\",\"contentUrl\":\"https:\\\/\\\/bathmatecontrol.com\\\/wp-content\\\/uploads\\\/2022\\\/06\\\/Comprar-Bathmate.png\",\"width\":341,\"height\":360},{\"@type\":\"BreadcrumbList\",\"@id\":\"https:\\\/\\\/bathmatecontrol.com\\\/index.php\\\/comprar-bathmate-en-espana\\\/#breadcrumb\",\"itemListElement\":[{\"@type\":\"ListItem\",\"position\":1,\"name\":\"Portada\",\"item\":\"https:\\\/\\\/bathmatecontrol.com\\\/\"},{\"@type\":\"ListItem\",\"position\":2,\"name\":\"Comprar Bathmate en Espa\u00f1a\"}]},{\"@type\":\"WebSite\",\"@id\":\"https:\\\/\\\/bathmatecontrol.com\\\/#website\",\"url\":\"https:\\\/\\\/bathmatecontrol.com\\\/\",\"name\":\"Bathmate Control \u00a9\",\"description\":\"Compra tu Bathmate al Mejor Precio\",\"publisher\":{\"@id\":\"https:\\\/\\\/bathmatecontrol.com\\\/#organization\"},\"potentialAction\":[{\"@type\":\"SearchAction\",\"target\":{\"@type\":\"EntryPoint\",\"urlTemplate\":\"https:\\\/\\\/bathmatecontrol.com\\\/?s={search_term_string}\"},\"query-input\":{\"@type\":\"PropertyValueSpecification\",\"valueRequired\":true,\"valueName\":\"search_term_string\"}}],\"inLanguage\":\"es\"},{\"@type\":\"Organization\",\"@id\":\"https:\\\/\\\/bathmatecontrol.com\\\/#organization\",\"name\":\"Bathmate Control\",\"url\":\"https:\\\/\\\/bathmatecontrol.com\\\/\",\"logo\":{\"@type\":\"ImageObject\",\"inLanguage\":\"es\",\"@id\":\"https:\\\/\\\/bathmatecontrol.com\\\/#\\\/schema\\\/logo\\\/image\\\/\",\"url\":\"https:\\\/\\\/bathmatecontrol.com\\\/wp-content\\\/uploads\\\/2020\\\/02\\\/WhatsApp-Image-2020-02-10-at-14.45.44.jpeg\",\"contentUrl\":\"https:\\\/\\\/bathmatecontrol.com\\\/wp-content\\\/uploads\\\/2020\\\/02\\\/WhatsApp-Image-2020-02-10-at-14.45.44.jpeg\",\"width\":1600,\"height\":1600,\"caption\":\"Bathmate Control\"},\"image\":{\"@id\":\"https:\\\/\\\/bathmatecontrol.com\\\/#\\\/schema\\\/logo\\\/image\\\/\"}}]}<\/script>\n<!-- \/ Yoast SEO plugin. -->","yoast_head_json":{"title":"Comprar Bathmate en Espa\u00f1a - Bathmate Control \u00a9","description":"\u00bfQuieres Comprar Bathmate en Espa\u00f1a? Pues enhorabuena, has llegado al lugar correcto. En esta p\u00e1gina podr\u00e1s comprar tu Bathmate","robots":{"index":"index","follow":"follow","max-snippet":"max-snippet:-1","max-image-preview":"max-image-preview:large","max-video-preview":"max-video-preview:-1"},"canonical":"https:\/\/bathmatecontrol.com\/index.php\/comprar-bathmate-en-espana\/","og_locale":"es_ES","og_type":"article","og_title":"Comprar Bathmate en Espa\u00f1a - Bathmate Control \u00a9","og_description":"\u00bfQuieres Comprar Bathmate en Espa\u00f1a? Pues enhorabuena, has llegado al lugar correcto. En esta p\u00e1gina podr\u00e1s comprar tu Bathmate","og_url":"https:\/\/bathmatecontrol.com\/index.php\/comprar-bathmate-en-espana\/","og_site_name":"Bathmate Control \u00a9","article_modified_time":"2022-06-18T13:48:52+00:00","og_image":[{"url":"https:\/\/bathmatecontrol.com\/wp-content\/uploads\/2022\/06\/Comprar-Bathmate.png","type":"","width":"","height":""}],"twitter_card":"summary_large_image","twitter_misc":{"Tiempo de lectura":"2 minutos"},"schema":{"@context":"https:\/\/schema.org","@graph":[{"@type":"WebPage","@id":"https:\/\/bathmatecontrol.com\/index.php\/comprar-bathmate-en-espana\/","url":"https:\/\/bathmatecontrol.com\/index.php\/comprar-bathmate-en-espana\/","name":"Comprar Bathmate en Espa\u00f1a - Bathmate Control \u00a9","isPartOf":{"@id":"https:\/\/bathmatecontrol.com\/#website"},"primaryImageOfPage":{"@id":"https:\/\/bathmatecontrol.com\/index.php\/comprar-bathmate-en-espana\/#primaryimage"},"image":{"@id":"https:\/\/bathmatecontrol.com\/index.php\/comprar-bathmate-en-espana\/#primaryimage"},"thumbnailUrl":"https:\/\/bathmatecontrol.com\/wp-content\/uploads\/2022\/06\/Comprar-Bathmate.png","datePublished":"2022-06-18T13:48:49+00:00","dateModified":"2022-06-18T13:48:52+00:00","description":"\u00bfQuieres Comprar Bathmate en Espa\u00f1a? Pues enhorabuena, has llegado al lugar correcto. En esta p\u00e1gina podr\u00e1s comprar tu Bathmate","breadcrumb":{"@id":"https:\/\/bathmatecontrol.com\/index.php\/comprar-bathmate-en-espana\/#breadcrumb"},"inLanguage":"es","potentialAction":[{"@type":"ReadAction","target":["https:\/\/bathmatecontrol.com\/index.php\/comprar-bathmate-en-espana\/"]}]},{"@type":"ImageObject","inLanguage":"es","@id":"https:\/\/bathmatecontrol.com\/index.php\/comprar-bathmate-en-espana\/#primaryimage","url":"https:\/\/bathmatecontrol.com\/wp-content\/uploads\/2022\/06\/Comprar-Bathmate.png","contentUrl":"https:\/\/bathmatecontrol.com\/wp-content\/uploads\/2022\/06\/Comprar-Bathmate.png","width":341,"height":360},{"@type":"BreadcrumbList","@id":"https:\/\/bathmatecontrol.com\/index.php\/comprar-bathmate-en-espana\/#breadcrumb","itemListElement":[{"@type":"ListItem","position":1,"name":"Portada","item":"https:\/\/bathmatecontrol.com\/"},{"@type":"ListItem","position":2,"name":"Comprar Bathmate en Espa\u00f1a"}]},{"@type":"WebSite","@id":"https:\/\/bathmatecontrol.com\/#website","url":"https:\/\/bathmatecontrol.com\/","name":"Bathmate Control \u00a9","description":"Compra tu Bathmate al Mejor Precio","publisher":{"@id":"https:\/\/bathmatecontrol.com\/#organization"},"potentialAction":[{"@type":"SearchAction","target":{"@type":"EntryPoint","urlTemplate":"https:\/\/bathmatecontrol.com\/?s={search_term_string}"},"query-input":{"@type":"PropertyValueSpecification","valueRequired":true,"valueName":"search_term_string"}}],"inLanguage":"es"},{"@type":"Organization","@id":"https:\/\/bathmatecontrol.com\/#organization","name":"Bathmate Control","url":"https:\/\/bathmatecontrol.com\/","logo":{"@type":"ImageObject","inLanguage":"es","@id":"https:\/\/bathmatecontrol.com\/#\/schema\/logo\/image\/","url":"https:\/\/bathmatecontrol.com\/wp-content\/uploads\/2020\/02\/WhatsApp-Image-2020-02-10-at-14.45.44.jpeg","contentUrl":"https:\/\/bathmatecontrol.com\/wp-content\/uploads\/2020\/02\/WhatsApp-Image-2020-02-10-at-14.45.44.jpeg","width":1600,"height":1600,"caption":"Bathmate Control"},"image":{"@id":"https:\/\/bathmatecontrol.com\/#\/schema\/logo\/image\/"}}]}},"_links":{"self":[{"href":"https:\/\/bathmatecontrol.com\/index.php\/wp-json\/wp\/v2\/pages\/644","targetHints":{"allow":["GET"]}}],"collection":[{"href":"https:\/\/bathmatecontrol.com\/index.php\/wp-json\/wp\/v2\/pages"}],"about":[{"href":"https:\/\/bathmatecontrol.com\/index.php\/wp-json\/wp\/v2\/types\/page"}],"author":[{"embeddable":true,"href":"https:\/\/bathmatecontrol.com\/index.php\/wp-json\/wp\/v2\/users\/1"}],"replies":[{"embeddable":true,"href":"https:\/\/bathmatecontrol.com\/index.php\/wp-json\/wp\/v2\/comments?post=644"}],"version-history":[{"count":1,"href":"https:\/\/bathmatecontrol.com\/index.php\/wp-json\/wp\/v2\/pages\/644\/revisions"}],"predecessor-version":[{"id":646,"href":"https:\/\/bathmatecontrol.com\/index.php\/wp-json\/wp\/v2\/pages\/644\/revisions\/646"}],"wp:attachment":[{"href":"https:\/\/bathmatecontrol.com\/index.php\/wp-json\/wp\/v2\/media?parent=644"}],"curies":[{"name":"wp","href":"https:\/\/api.w.org\/{rel}","templated":true}]}}