{"id":12,"date":"2020-02-08T11:51:36","date_gmt":"2020-02-08T11:51:36","guid":{"rendered":"https:\/\/www.bathmatecontrol.com\/?post_type=product&#038;p=12"},"modified":"2026-05-09T23:06:12","modified_gmt":"2026-05-09T23:06:12","slug":"bathmate-hercules-hydromax","status":"publish","type":"product","link":"https:\/\/bathmatecontrol.com\/index.php\/producto\/bathmate-hercules-hydromax\/","title":{"rendered":"Bathmate Hercules (Hydro 7)"},"content":{"rendered":"<p>Elige el modelo Bathmate Hercules si: Tienes un pene peque\u00f1o &#8211; normal o incluso por encima de la media. Este tama\u00f1o le ir\u00e1 bien al 98% de los hombres. Sin embargo, tiene un 35% menos de succi\u00f3n que su competidor natural, el x30, que tambi\u00e9n puedes encontrar en nuestra tienda.<\/p>\n<p><iframe loading=\"lazy\" title=\"\u00bfQue BATHMATE Debo Comprar? Respondiendo &quot;HERCULES X20 X30 X40 O XTREME&quot; ??\" width=\"640\" height=\"360\" src=\"https:\/\/www.youtube.com\/embed\/W9MXVuZ_2J4?feature=oembed\" frameborder=\"0\" allow=\"accelerometer; autoplay; clipboard-write; encrypted-media; gyroscope; picture-in-picture; web-share\" referrerpolicy=\"strict-origin-when-cross-origin\" allowfullscreen><\/iframe><\/p>\n<p>Bathmate es el alargador de pene que muchos hombres estaban esperando. Se acabaron los complejos, las cintas m\u00e9tricas y el so\u00f1ar con una talla mayor. Con su sistema innovador basado en la fuerza hidr\u00e1ulica, Bathmate ejerce una poderosa succi\u00f3n, bastante m\u00e1s superior que la del resto de aparatos del mercado, para dotar de m\u00e1s grosor, densidad y volumen al pene en un tiempo r\u00e9cord.<\/p>\n<p><strong>\u00bfEs necesario utilizarlo con AGUA?<\/strong><\/p>\n<p>Bathmate es una hidrobomba y como tal depende del poder del agua para generar la mayor succi\u00f3n posible y adem\u00e1s una succi\u00f3n m\u00e1s uniforme que lo que puede producir el aire. El dispositivo funciona de la mejor forma cuando es usado en la ducha o la tina, pero es posible usarlo con aire tambi\u00e9n.<\/p>\n<p><strong>\u00bfCu\u00e1nto tiempo debo utilizarlo?<\/strong><\/p>\n<p>Sugerimos usar las hidrobombas Bathmate durante 15 a 20 minutos cada d\u00eda o d\u00eda por medio. Puedes usarla cada d\u00eda si quieres, y no menos de 3 veces a la semana para mantener la salud del pene y asegurar resultados satisfactorios.<\/p>\n<p><strong>\u00bfC\u00f3mo utilizar?<\/strong><\/p>\n<p>1. Llenar la ba\u00f1era con agua o entrar en la ducha<br \/>\n2. Colocar <a href=\"https:\/\/bathmatecontrol.com\/\">Bathmate<\/a> de tal forma que se llene completamente de agua y a continuaci\u00f3n introducir el pene en el interior apoy\u00e1ndolo sobre la base de la pelvis.<br \/>\n3. Empujar acercando el producto hacia el cuerpo. De esta forma se pondr\u00e1 en funcionamiento el mecanismo de contracci\u00f3n hidr\u00e1ulico de la base de la bomba creando el efecto de vac\u00edo. La presi\u00f3n aumentar\u00e1 y conforme el agua se evacue del interior a trav\u00e9s de la v\u00e1lvula superior, el pene sufrir\u00e1 un proceso de expansi\u00f3n.<br \/>\n4. Cuando ya no se pueda expulsar m\u00e1s agua del interior de Bathmate, descansar unos minutos.<br \/>\n5. Repetir de nuevo la operaci\u00f3n de bombeo y volver a descansar.<br \/>\n6. Si la presi\u00f3n es demasiado intensa, liberar la v\u00e1lvula superior ligeramente. Es importante hacerlo dentro del agua para evitar que entre aire. Una vez pasados entre 15 y 20 minutos de uso, apretar el liberador de presi\u00f3n en la parte superior de Bathmate.<br \/>\n7. Para obtener los mejores resultados se recomienda usar Bathmate 15-20 minutos por sesi\u00f3n, tres veces por semana durante 6 semanas.<\/p>\n<h3 style=\"text-align: center;\">Preguntas Frecuentes<\/h3>\n<p><strong>\u00bfEs seguro comprar en BathmateControl.com?<\/strong><\/p>\n<ul>\n<li>Llevamos a\u00f1os operando en nuestra p\u00e1gina web, enviando a pr\u00e1cticamente todos los pa\u00edses del mundo, teniendo a miles de clientes satisfechos. Comprar en nuestra p\u00e1gina web es 100% seguro, adem\u00e1s contamos bajo conexi\u00f3n SSL verificada y contamos con los mejores proveedores de pago.<\/li>\n<\/ul>\n<p><strong>\u00bfC\u00f3mo de an\u00f3nimo es comprar?<\/strong><\/p>\n<ul>\n<li>Para nosotros la privacidad de nuestros clientes es esencial. Nuestros paquetes son 100% discretos, s\u00f3lo t\u00fa podr\u00e1s saber qu\u00e9 hay dentro del paquete.<\/li>\n<\/ul>\n<p><strong>\u00bfPuedo hacer un pedido desde mi pa\u00eds?<\/strong><\/p>\n<ul>\n<li>Enviamos a todos los pa\u00edses del mundo. Nuestro sistema de pagos permite que todo tipo de usuario, independientemente del pa\u00eds, pueda realizar una compra segura. Si la moneda de tu pa\u00eds no es el d\u00f3lar americano, se convertir\u00e1 autom\u00e1ticamente de tu moneda local al d\u00f3lar, sin t\u00fa tener que hacer nada. Puedes hacer la conversi\u00f3n online mediante Google para saber cu\u00e1nto vas a pagar exactamente.<\/li>\n<\/ul>\n<p><strong>\u00bfCu\u00e1nto tard\u00e1is en enviar el pedido?<\/strong><\/p>\n<div class=\"accordion-item\">\n<div class=\"accordion-inner\">\n<ul>\n<li>Desde el momento en el que se procesa el pago, por lo general, en menos de 24 horas ya habremos enviado tu pedido. En festivos o vacaciones, entre otros posibles d\u00edas especiales, puede demorar m\u00e1s, pero por lo general, ese es el rango de tiempo que tardamos en procesar los pedidos.<\/li>\n<\/ul>\n<\/div>\n<\/div>\n<div>\n<div>\n<div><\/div>\n<\/div>\n<\/div>\n","protected":false},"excerpt":{"rendered":"<p>Elige el modelo Hercules si: Tienes un pene peque\u00f1o &#8211; normal o incluso por encima de la media. Este tama\u00f1o le ir\u00e1 bien al 98% de los hombres. Sin embargo, tiene un 35% menos de succi\u00f3n que su competidor natural, el x30, que tambi\u00e9n puedes encontrar en nuestra tienda.<\/p>\n<p><strong>\u00bfEl env\u00edo es discreto?<\/strong><\/p>\n<p>Todos y cada uno de nuestros env\u00edos son discretos. La privacidad de nuestros clientes es un pilar de nuestro negocio.<\/p>\n<p><strong>\u00bfRealizan env\u00edos a m\u00ed pa\u00eds?<\/strong><\/p>\n<p>Realizamos env\u00edos a todos los pa\u00edses del mundo.<\/p>\n<p><img loading=\"lazy\" decoding=\"async\" class=\"alignnone wp-image-62\" src=\"https:\/\/bathmatecontrol.com\/wp-content\/uploads\/2020\/02\/paypal-stripe-mixlive-300x150.png\" alt=\"\" width=\"224\" height=\"112\" srcset=\"https:\/\/bathmatecontrol.com\/wp-content\/uploads\/2020\/02\/paypal-stripe-mixlive-300x150.png 300w, https:\/\/bathmatecontrol.com\/wp-content\/uploads\/2020\/02\/paypal-stripe-mixlive.png 600w, https:\/\/bathmatecontrol.com\/wp-content\/uploads\/2020\/02\/paypal-stripe-mixlive-400x200.png 400w\" sizes=\"auto, (max-width: 224px) 100vw, 224px\" \/><\/p>\n<p>&nbsp;<\/p>\n","protected":false},"featured_media":1840,"comment_status":"open","ping_status":"closed","template":"","meta":[],"product_brand":[],"product_cat":[15],"product_tag":[],"class_list":{"0":"post-12","1":"product","2":"type-product","3":"status-publish","4":"has-post-thumbnail","6":"product_cat-bathmate","8":"first","9":"instock","10":"sale","11":"shipping-taxable","12":"purchasable","13":"product-type-simple"},"yoast_head":"<!-- This site is optimized with the Yoast SEO plugin v27.6 - https:\/\/yoast.com\/product\/yoast-seo-wordpress\/ -->\n<title>Bathmate Hercules (Hydro 7) - Bathmate Control \u00a9<\/title>\n<meta name=\"description\" content=\"Bathmate Hercules es el modelo de la gama Bathmate m\u00e1s cl\u00e1sico de todos, el usuario promedio suele dar sus primeros pasos en Hercules\" \/>\n<meta name=\"robots\" content=\"index, follow, max-snippet:-1, max-image-preview:large, max-video-preview:-1\" \/>\n<link rel=\"canonical\" href=\"https:\/\/bathmatecontrol.com\/index.php\/producto\/bathmate-hercules-hydromax\/\" \/>\n<meta property=\"og:locale\" content=\"es_ES\" \/>\n<meta property=\"og:type\" content=\"article\" \/>\n<meta property=\"og:title\" content=\"Bathmate Hercules (Hydro 7) - Bathmate Control \u00a9\" \/>\n<meta property=\"og:description\" content=\"Bathmate Hercules es el modelo de la gama Bathmate m\u00e1s cl\u00e1sico de todos, el usuario promedio suele dar sus primeros pasos en Hercules\" \/>\n<meta property=\"og:url\" content=\"https:\/\/bathmatecontrol.com\/index.php\/producto\/bathmate-hercules-hydromax\/\" \/>\n<meta property=\"og:site_name\" content=\"Bathmate Control \u00a9\" \/>\n<meta property=\"article:modified_time\" content=\"2026-05-09T23:06:12+00:00\" \/>\n<meta property=\"og:image\" content=\"https:\/\/bathmatecontrol.com\/wp-content\/uploads\/2020\/02\/HYDRO-7.webp\" \/>\n\t<meta property=\"og:image:width\" content=\"700\" \/>\n\t<meta property=\"og:image:height\" content=\"991\" \/>\n\t<meta property=\"og:image:type\" content=\"image\/webp\" \/>\n<meta name=\"twitter:card\" content=\"summary_large_image\" \/>\n<meta name=\"twitter:label1\" content=\"Tiempo de lectura\" \/>\n\t<meta name=\"twitter:data1\" content=\"2 minutos\" \/>\n<script type=\"application\/ld+json\" class=\"yoast-schema-graph\">{\"@context\":\"https:\\\/\\\/schema.org\",\"@graph\":[{\"@type\":\"WebPage\",\"@id\":\"https:\\\/\\\/bathmatecontrol.com\\\/index.php\\\/producto\\\/bathmate-hercules-hydromax\\\/\",\"url\":\"https:\\\/\\\/bathmatecontrol.com\\\/index.php\\\/producto\\\/bathmate-hercules-hydromax\\\/\",\"name\":\"Bathmate Hercules (Hydro 7) - Bathmate Control \u00a9\",\"isPartOf\":{\"@id\":\"https:\\\/\\\/bathmatecontrol.com\\\/#website\"},\"primaryImageOfPage\":{\"@id\":\"https:\\\/\\\/bathmatecontrol.com\\\/index.php\\\/producto\\\/bathmate-hercules-hydromax\\\/#primaryimage\"},\"image\":{\"@id\":\"https:\\\/\\\/bathmatecontrol.com\\\/index.php\\\/producto\\\/bathmate-hercules-hydromax\\\/#primaryimage\"},\"thumbnailUrl\":\"https:\\\/\\\/bathmatecontrol.com\\\/wp-content\\\/uploads\\\/2020\\\/02\\\/HYDRO-7.webp\",\"datePublished\":\"2020-02-08T11:51:36+00:00\",\"dateModified\":\"2026-05-09T23:06:12+00:00\",\"description\":\"Bathmate Hercules es el modelo de la gama Bathmate m\u00e1s cl\u00e1sico de todos, el usuario promedio suele dar sus primeros pasos en Hercules\",\"breadcrumb\":{\"@id\":\"https:\\\/\\\/bathmatecontrol.com\\\/index.php\\\/producto\\\/bathmate-hercules-hydromax\\\/#breadcrumb\"},\"inLanguage\":\"es\",\"potentialAction\":[{\"@type\":\"ReadAction\",\"target\":[\"https:\\\/\\\/bathmatecontrol.com\\\/index.php\\\/producto\\\/bathmate-hercules-hydromax\\\/\"]}]},{\"@type\":\"ImageObject\",\"inLanguage\":\"es\",\"@id\":\"https:\\\/\\\/bathmatecontrol.com\\\/index.php\\\/producto\\\/bathmate-hercules-hydromax\\\/#primaryimage\",\"url\":\"https:\\\/\\\/bathmatecontrol.com\\\/wp-content\\\/uploads\\\/2020\\\/02\\\/HYDRO-7.webp\",\"contentUrl\":\"https:\\\/\\\/bathmatecontrol.com\\\/wp-content\\\/uploads\\\/2020\\\/02\\\/HYDRO-7.webp\",\"width\":700,\"height\":991},{\"@type\":\"BreadcrumbList\",\"@id\":\"https:\\\/\\\/bathmatecontrol.com\\\/index.php\\\/producto\\\/bathmate-hercules-hydromax\\\/#breadcrumb\",\"itemListElement\":[{\"@type\":\"ListItem\",\"position\":1,\"name\":\"Portada\",\"item\":\"https:\\\/\\\/bathmatecontrol.com\\\/\"},{\"@type\":\"ListItem\",\"position\":2,\"name\":\"Comprar Bathmate\",\"item\":\"https:\\\/\\\/bathmatecontrol.com\\\/\"},{\"@type\":\"ListItem\",\"position\":3,\"name\":\"Bathmate Hercules (Hydro 7)\"}]},{\"@type\":\"WebSite\",\"@id\":\"https:\\\/\\\/bathmatecontrol.com\\\/#website\",\"url\":\"https:\\\/\\\/bathmatecontrol.com\\\/\",\"name\":\"Bathmate Control \u00a9\",\"description\":\"Compra tu Bathmate al Mejor Precio\",\"publisher\":{\"@id\":\"https:\\\/\\\/bathmatecontrol.com\\\/#organization\"},\"potentialAction\":[{\"@type\":\"SearchAction\",\"target\":{\"@type\":\"EntryPoint\",\"urlTemplate\":\"https:\\\/\\\/bathmatecontrol.com\\\/?s={search_term_string}\"},\"query-input\":{\"@type\":\"PropertyValueSpecification\",\"valueRequired\":true,\"valueName\":\"search_term_string\"}}],\"inLanguage\":\"es\"},{\"@type\":\"Organization\",\"@id\":\"https:\\\/\\\/bathmatecontrol.com\\\/#organization\",\"name\":\"Bathmate Control\",\"url\":\"https:\\\/\\\/bathmatecontrol.com\\\/\",\"logo\":{\"@type\":\"ImageObject\",\"inLanguage\":\"es\",\"@id\":\"https:\\\/\\\/bathmatecontrol.com\\\/#\\\/schema\\\/logo\\\/image\\\/\",\"url\":\"https:\\\/\\\/bathmatecontrol.com\\\/wp-content\\\/uploads\\\/2020\\\/02\\\/WhatsApp-Image-2020-02-10-at-14.45.44.jpeg\",\"contentUrl\":\"https:\\\/\\\/bathmatecontrol.com\\\/wp-content\\\/uploads\\\/2020\\\/02\\\/WhatsApp-Image-2020-02-10-at-14.45.44.jpeg\",\"width\":1600,\"height\":1600,\"caption\":\"Bathmate Control\"},\"image\":{\"@id\":\"https:\\\/\\\/bathmatecontrol.com\\\/#\\\/schema\\\/logo\\\/image\\\/\"}}]}<\/script>\n<!-- \/ Yoast SEO plugin. -->","yoast_head_json":{"title":"Bathmate Hercules (Hydro 7) - Bathmate Control \u00a9","description":"Bathmate Hercules es el modelo de la gama Bathmate m\u00e1s cl\u00e1sico de todos, el usuario promedio suele dar sus primeros pasos en Hercules","robots":{"index":"index","follow":"follow","max-snippet":"max-snippet:-1","max-image-preview":"max-image-preview:large","max-video-preview":"max-video-preview:-1"},"canonical":"https:\/\/bathmatecontrol.com\/index.php\/producto\/bathmate-hercules-hydromax\/","og_locale":"es_ES","og_type":"article","og_title":"Bathmate Hercules (Hydro 7) - Bathmate Control \u00a9","og_description":"Bathmate Hercules es el modelo de la gama Bathmate m\u00e1s cl\u00e1sico de todos, el usuario promedio suele dar sus primeros pasos en Hercules","og_url":"https:\/\/bathmatecontrol.com\/index.php\/producto\/bathmate-hercules-hydromax\/","og_site_name":"Bathmate Control \u00a9","article_modified_time":"2026-05-09T23:06:12+00:00","og_image":[{"width":700,"height":991,"url":"https:\/\/bathmatecontrol.com\/wp-content\/uploads\/2020\/02\/HYDRO-7.webp","type":"image\/webp"}],"twitter_card":"summary_large_image","twitter_misc":{"Tiempo de lectura":"2 minutos"},"schema":{"@context":"https:\/\/schema.org","@graph":[{"@type":"WebPage","@id":"https:\/\/bathmatecontrol.com\/index.php\/producto\/bathmate-hercules-hydromax\/","url":"https:\/\/bathmatecontrol.com\/index.php\/producto\/bathmate-hercules-hydromax\/","name":"Bathmate Hercules (Hydro 7) - Bathmate Control \u00a9","isPartOf":{"@id":"https:\/\/bathmatecontrol.com\/#website"},"primaryImageOfPage":{"@id":"https:\/\/bathmatecontrol.com\/index.php\/producto\/bathmate-hercules-hydromax\/#primaryimage"},"image":{"@id":"https:\/\/bathmatecontrol.com\/index.php\/producto\/bathmate-hercules-hydromax\/#primaryimage"},"thumbnailUrl":"https:\/\/bathmatecontrol.com\/wp-content\/uploads\/2020\/02\/HYDRO-7.webp","datePublished":"2020-02-08T11:51:36+00:00","dateModified":"2026-05-09T23:06:12+00:00","description":"Bathmate Hercules es el modelo de la gama Bathmate m\u00e1s cl\u00e1sico de todos, el usuario promedio suele dar sus primeros pasos en Hercules","breadcrumb":{"@id":"https:\/\/bathmatecontrol.com\/index.php\/producto\/bathmate-hercules-hydromax\/#breadcrumb"},"inLanguage":"es","potentialAction":[{"@type":"ReadAction","target":["https:\/\/bathmatecontrol.com\/index.php\/producto\/bathmate-hercules-hydromax\/"]}]},{"@type":"ImageObject","inLanguage":"es","@id":"https:\/\/bathmatecontrol.com\/index.php\/producto\/bathmate-hercules-hydromax\/#primaryimage","url":"https:\/\/bathmatecontrol.com\/wp-content\/uploads\/2020\/02\/HYDRO-7.webp","contentUrl":"https:\/\/bathmatecontrol.com\/wp-content\/uploads\/2020\/02\/HYDRO-7.webp","width":700,"height":991},{"@type":"BreadcrumbList","@id":"https:\/\/bathmatecontrol.com\/index.php\/producto\/bathmate-hercules-hydromax\/#breadcrumb","itemListElement":[{"@type":"ListItem","position":1,"name":"Portada","item":"https:\/\/bathmatecontrol.com\/"},{"@type":"ListItem","position":2,"name":"Comprar Bathmate","item":"https:\/\/bathmatecontrol.com\/"},{"@type":"ListItem","position":3,"name":"Bathmate Hercules (Hydro 7)"}]},{"@type":"WebSite","@id":"https:\/\/bathmatecontrol.com\/#website","url":"https:\/\/bathmatecontrol.com\/","name":"Bathmate Control \u00a9","description":"Compra tu Bathmate al Mejor Precio","publisher":{"@id":"https:\/\/bathmatecontrol.com\/#organization"},"potentialAction":[{"@type":"SearchAction","target":{"@type":"EntryPoint","urlTemplate":"https:\/\/bathmatecontrol.com\/?s={search_term_string}"},"query-input":{"@type":"PropertyValueSpecification","valueRequired":true,"valueName":"search_term_string"}}],"inLanguage":"es"},{"@type":"Organization","@id":"https:\/\/bathmatecontrol.com\/#organization","name":"Bathmate Control","url":"https:\/\/bathmatecontrol.com\/","logo":{"@type":"ImageObject","inLanguage":"es","@id":"https:\/\/bathmatecontrol.com\/#\/schema\/logo\/image\/","url":"https:\/\/bathmatecontrol.com\/wp-content\/uploads\/2020\/02\/WhatsApp-Image-2020-02-10-at-14.45.44.jpeg","contentUrl":"https:\/\/bathmatecontrol.com\/wp-content\/uploads\/2020\/02\/WhatsApp-Image-2020-02-10-at-14.45.44.jpeg","width":1600,"height":1600,"caption":"Bathmate Control"},"image":{"@id":"https:\/\/bathmatecontrol.com\/#\/schema\/logo\/image\/"}}]}},"_links":{"self":[{"href":"https:\/\/bathmatecontrol.com\/index.php\/wp-json\/wp\/v2\/product\/12","targetHints":{"allow":["GET"]}}],"collection":[{"href":"https:\/\/bathmatecontrol.com\/index.php\/wp-json\/wp\/v2\/product"}],"about":[{"href":"https:\/\/bathmatecontrol.com\/index.php\/wp-json\/wp\/v2\/types\/product"}],"replies":[{"embeddable":true,"href":"https:\/\/bathmatecontrol.com\/index.php\/wp-json\/wp\/v2\/comments?post=12"}],"wp:featuredmedia":[{"embeddable":true,"href":"https:\/\/bathmatecontrol.com\/index.php\/wp-json\/wp\/v2\/media\/1840"}],"wp:attachment":[{"href":"https:\/\/bathmatecontrol.com\/index.php\/wp-json\/wp\/v2\/media?parent=12"}],"wp:term":[{"taxonomy":"product_brand","embeddable":true,"href":"https:\/\/bathmatecontrol.com\/index.php\/wp-json\/wp\/v2\/product_brand?post=12"},{"taxonomy":"product_cat","embeddable":true,"href":"https:\/\/bathmatecontrol.com\/index.php\/wp-json\/wp\/v2\/product_cat?post=12"},{"taxonomy":"product_tag","embeddable":true,"href":"https:\/\/bathmatecontrol.com\/index.php\/wp-json\/wp\/v2\/product_tag?post=12"}],"curies":[{"name":"wp","href":"https:\/\/api.w.org\/{rel}","templated":true}]}}